{"id":140,"date":"2025-07-13T14:36:13","date_gmt":"2025-07-13T14:36:13","guid":{"rendered":"https:\/\/brueckenbauer.kulturundwir.de\/?page_id=140"},"modified":"2026-01-20T14:24:40","modified_gmt":"2026-01-20T14:24:40","slug":"ausstellung","status":"publish","type":"page","link":"https:\/\/brueckenbauer.kulturundwir.de\/index.php\/ausstellung\/","title":{"rendered":"AUSSTELLUNG"},"content":{"rendered":"<div id=\"pl-140\"  class=\"panel-layout\" ><div id=\"pg-140-0\"  class=\"panel-grid panel-no-style\" ><div id=\"pgc-140-0-0\"  class=\"panel-grid-cell panel-grid-cell-empty\" ><\/div><\/div><div id=\"pg-140-1\"  class=\"panel-grid panel-no-style\" ><div id=\"pgc-140-1-0\"  class=\"panel-grid-cell\" ><div id=\"panel-140-1-0-0\" class=\"so-panel widget widget_sow-editor panel-first-child panel-last-child\" data-index=\"0\" ><div class=\"panel-widget-style panel-widget-style-for-140-1-0-0\" ><div\n\t\t\t\n\t\t\tclass=\"so-widget-sow-editor so-widget-sow-editor-base\"\n\t\t\t\n\t\t><h3 class=\"widget-title\">STREETART SCHABLONENKUNST VON C215<\/h3>\n<div class=\"siteorigin-widget-tinymce textwidget\">\n\t<h4>Ausstellungszeitraum: 05.10. bis 02.11.2025<br \/>\nSamstag\/Sonntag von 14 bis 17 Uhr<\/h4>\n<h4><strong>Stadtgalerie 89407 Dillingen, Sch\u00fctzenstr. 1e<\/strong><\/h4>\n<h4>Eintritt: frei<\/h4>\n<\/div>\n<\/div><\/div><\/div><\/div><div id=\"pgc-140-1-1\"  class=\"panel-grid-cell\" ><div id=\"panel-140-1-1-0\" class=\"so-panel widget widget_sow-slider panel-first-child panel-last-child\" data-index=\"1\" ><div\n\t\t\t\n\t\t\tclass=\"so-widget-sow-slider so-widget-sow-slider-default-6d39609536fd-140\"\n\t\t\t\n\t\t>\t\t\t\t<div class=\"sow-slider-base\" style=\"display: none\" tabindex=\"0\">\n\t\t\t\t\t<ul\n\t\t\t\t\tclass=\"sow-slider-images\"\n\t\t\t\t\tdata-settings=\"{&quot;pagination&quot;:true,&quot;speed&quot;:400,&quot;timeout&quot;:8000,&quot;paused&quot;:false,&quot;pause_on_hover&quot;:false,&quot;swipe&quot;:true,&quot;nav_always_show_desktop&quot;:&quot;&quot;,&quot;nav_always_show_mobile&quot;:&quot;&quot;,&quot;breakpoint&quot;:&quot;780px&quot;,&quot;unmute&quot;:false,&quot;anchor&quot;:null}\"\n\t\t\t\t\t\t\t\t\t\tdata-anchor-id=\"\"\n\t\t\t\t>\t\t<li class=\"sow-slider-image\" style=\"visibility: visible;\" >\n\t\t\t\t\t\t<img loading=\"lazy\" decoding=\"async\" width=\"603\" height=\"403\" src=\"https:\/\/brueckenbauer.kulturundwir.de\/wp-content\/uploads\/2025\/12\/DSCF9170-001.jpg\" class=\"sow-slider-background-image\" alt=\"\" style=\"\" srcset=\"https:\/\/brueckenbauer.kulturundwir.de\/wp-content\/uploads\/2025\/12\/DSCF9170-001.jpg 603w, https:\/\/brueckenbauer.kulturundwir.de\/wp-content\/uploads\/2025\/12\/DSCF9170-001-300x200.jpg 300w, https:\/\/brueckenbauer.kulturundwir.de\/wp-content\/uploads\/2025\/12\/DSCF9170-001-272x182.jpg 272w\" sizes=\"auto, (max-width: 603px) 100vw, 603px\" \/>\t\t<\/li>\n\t\t\t\t<li class=\"sow-slider-image\" style=\"visibility: hidden;\" >\n\t\t\t\t\t\t<img loading=\"lazy\" decoding=\"async\" width=\"602\" height=\"402\" src=\"https:\/\/brueckenbauer.kulturundwir.de\/wp-content\/uploads\/2025\/12\/DSCF9149-001.jpg\" class=\"sow-slider-background-image\" alt=\"\" style=\"\" srcset=\"https:\/\/brueckenbauer.kulturundwir.de\/wp-content\/uploads\/2025\/12\/DSCF9149-001.jpg 602w, https:\/\/brueckenbauer.kulturundwir.de\/wp-content\/uploads\/2025\/12\/DSCF9149-001-300x200.jpg 300w, https:\/\/brueckenbauer.kulturundwir.de\/wp-content\/uploads\/2025\/12\/DSCF9149-001-272x182.jpg 272w\" sizes=\"auto, (max-width: 602px) 100vw, 602px\" \/>\t\t<\/li>\n\t\t\t\t<li class=\"sow-slider-image\" style=\"visibility: hidden;\" >\n\t\t\t\t\t\t<img loading=\"lazy\" decoding=\"async\" width=\"603\" height=\"403\" src=\"https:\/\/brueckenbauer.kulturundwir.de\/wp-content\/uploads\/2025\/12\/DSCF9105-001.jpg\" class=\"sow-slider-background-image\" alt=\"\" style=\"\" srcset=\"https:\/\/brueckenbauer.kulturundwir.de\/wp-content\/uploads\/2025\/12\/DSCF9105-001.jpg 603w, https:\/\/brueckenbauer.kulturundwir.de\/wp-content\/uploads\/2025\/12\/DSCF9105-001-300x200.jpg 300w, https:\/\/brueckenbauer.kulturundwir.de\/wp-content\/uploads\/2025\/12\/DSCF9105-001-272x182.jpg 272w\" sizes=\"auto, (max-width: 603px) 100vw, 603px\" \/>\t\t<\/li>\n\t\t\t\t<li class=\"sow-slider-image\" style=\"visibility: hidden;\" >\n\t\t\t\t\t\t<img loading=\"lazy\" decoding=\"async\" width=\"602\" height=\"402\" src=\"https:\/\/brueckenbauer.kulturundwir.de\/wp-content\/uploads\/2025\/12\/DSCF9111-001.jpg\" class=\"sow-slider-background-image\" alt=\"\" style=\"\" srcset=\"https:\/\/brueckenbauer.kulturundwir.de\/wp-content\/uploads\/2025\/12\/DSCF9111-001.jpg 602w, https:\/\/brueckenbauer.kulturundwir.de\/wp-content\/uploads\/2025\/12\/DSCF9111-001-300x200.jpg 300w, https:\/\/brueckenbauer.kulturundwir.de\/wp-content\/uploads\/2025\/12\/DSCF9111-001-272x182.jpg 272w\" sizes=\"auto, (max-width: 602px) 100vw, 602px\" \/>\t\t<\/li>\n\t\t\t\t<li class=\"sow-slider-image\" style=\"visibility: hidden;\" >\n\t\t\t\t\t\t<img loading=\"lazy\" decoding=\"async\" width=\"601\" height=\"401\" src=\"https:\/\/brueckenbauer.kulturundwir.de\/wp-content\/uploads\/2025\/12\/DSCF9037-001.jpg\" class=\"sow-slider-background-image\" alt=\"\" style=\"\" srcset=\"https:\/\/brueckenbauer.kulturundwir.de\/wp-content\/uploads\/2025\/12\/DSCF9037-001.jpg 601w, https:\/\/brueckenbauer.kulturundwir.de\/wp-content\/uploads\/2025\/12\/DSCF9037-001-300x200.jpg 300w, https:\/\/brueckenbauer.kulturundwir.de\/wp-content\/uploads\/2025\/12\/DSCF9037-001-272x182.jpg 272w\" sizes=\"auto, (max-width: 601px) 100vw, 601px\" \/>\t\t<\/li>\n\t\t\t\t<li class=\"sow-slider-image\" style=\"visibility: hidden;\" >\n\t\t\t\t\t\t<img loading=\"lazy\" decoding=\"async\" width=\"603\" height=\"403\" src=\"https:\/\/brueckenbauer.kulturundwir.de\/wp-content\/uploads\/2025\/12\/DSCF9165-001.jpg\" class=\"sow-slider-background-image\" alt=\"\" style=\"\" srcset=\"https:\/\/brueckenbauer.kulturundwir.de\/wp-content\/uploads\/2025\/12\/DSCF9165-001.jpg 603w, https:\/\/brueckenbauer.kulturundwir.de\/wp-content\/uploads\/2025\/12\/DSCF9165-001-300x200.jpg 300w, https:\/\/brueckenbauer.kulturundwir.de\/wp-content\/uploads\/2025\/12\/DSCF9165-001-272x182.jpg 272w\" sizes=\"auto, (max-width: 603px) 100vw, 603px\" \/>\t\t<\/li>\n\t\t\t\t<li class=\"sow-slider-image\" style=\"visibility: hidden;\" >\n\t\t\t\t\t\t<img loading=\"lazy\" decoding=\"async\" width=\"582\" height=\"259\" src=\"https:\/\/brueckenbauer.kulturundwir.de\/wp-content\/uploads\/2025\/12\/DSCF9002-001.jpg\" class=\"sow-slider-background-image\" alt=\"\" style=\"\" srcset=\"https:\/\/brueckenbauer.kulturundwir.de\/wp-content\/uploads\/2025\/12\/DSCF9002-001.jpg 582w, https:\/\/brueckenbauer.kulturundwir.de\/wp-content\/uploads\/2025\/12\/DSCF9002-001-300x134.jpg 300w\" sizes=\"auto, (max-width: 582px) 100vw, 582px\" \/>\t\t<\/li>\n\t\t\t\t<li class=\"sow-slider-image\" style=\"visibility: hidden;\" >\n\t\t\t\t\t\t<img loading=\"lazy\" decoding=\"async\" width=\"601\" height=\"401\" src=\"https:\/\/brueckenbauer.kulturundwir.de\/wp-content\/uploads\/2025\/12\/DSCF9029-001.jpg\" class=\"sow-slider-background-image\" alt=\"\" style=\"\" srcset=\"https:\/\/brueckenbauer.kulturundwir.de\/wp-content\/uploads\/2025\/12\/DSCF9029-001.jpg 601w, https:\/\/brueckenbauer.kulturundwir.de\/wp-content\/uploads\/2025\/12\/DSCF9029-001-300x200.jpg 300w, https:\/\/brueckenbauer.kulturundwir.de\/wp-content\/uploads\/2025\/12\/DSCF9029-001-272x182.jpg 272w\" sizes=\"auto, (max-width: 601px) 100vw, 601px\" \/>\t\t<\/li>\n\t\t\t\t<li class=\"sow-slider-image\" style=\"visibility: hidden;\" >\n\t\t\t\t\t\t<img loading=\"lazy\" decoding=\"async\" width=\"403\" height=\"603\" src=\"https:\/\/brueckenbauer.kulturundwir.de\/wp-content\/uploads\/2025\/12\/DSCF9054-001.jpg\" class=\"sow-slider-background-image\" alt=\"\" style=\"\" srcset=\"https:\/\/brueckenbauer.kulturundwir.de\/wp-content\/uploads\/2025\/12\/DSCF9054-001.jpg 403w, https:\/\/brueckenbauer.kulturundwir.de\/wp-content\/uploads\/2025\/12\/DSCF9054-001-200x300.jpg 200w\" sizes=\"auto, (max-width: 403px) 100vw, 403px\" \/>\t\t<\/li>\n\t\t<\/ul>\t\t\t\t<ol class=\"sow-slider-pagination\">\n\t\t\t\t\t\t\t\t\t\t\t<li><a href=\"#\" data-goto=\"0\" aria-label=\"Display slide 1\"><\/a><\/li>\n\t\t\t\t\t\t\t\t\t\t\t<li><a href=\"#\" data-goto=\"1\" aria-label=\"Display slide 2\"><\/a><\/li>\n\t\t\t\t\t\t\t\t\t\t\t<li><a href=\"#\" data-goto=\"2\" aria-label=\"Display slide 3\"><\/a><\/li>\n\t\t\t\t\t\t\t\t\t\t\t<li><a href=\"#\" data-goto=\"3\" aria-label=\"Display slide 4\"><\/a><\/li>\n\t\t\t\t\t\t\t\t\t\t\t<li><a href=\"#\" data-goto=\"4\" aria-label=\"Display slide 5\"><\/a><\/li>\n\t\t\t\t\t\t\t\t\t\t\t<li><a href=\"#\" data-goto=\"5\" aria-label=\"Display slide 6\"><\/a><\/li>\n\t\t\t\t\t\t\t\t\t\t\t<li><a href=\"#\" data-goto=\"6\" aria-label=\"Display slide 7\"><\/a><\/li>\n\t\t\t\t\t\t\t\t\t\t\t<li><a href=\"#\" data-goto=\"7\" aria-label=\"Display slide 8\"><\/a><\/li>\n\t\t\t\t\t\t\t\t\t\t\t<li><a href=\"#\" data-goto=\"8\" aria-label=\"Display slide 9\"><\/a><\/li>\n\t\t\t\t\t\t\t\t\t<\/ol>\n\n\t\t\t\t<div class=\"sow-slide-nav sow-slide-nav-next\">\n\t\t\t\t\t<a href=\"#\" data-goto=\"next\" aria-label=\"Next slide\" data-action=\"next\">\n\t\t\t\t\t\t<em class=\"sow-sld-icon-thin-right\"><\/em>\n\t\t\t\t\t<\/a>\n\t\t\t\t<\/div>\n\n\t\t\t\t<div class=\"sow-slide-nav sow-slide-nav-prev\">\n\t\t\t\t\t<a href=\"#\" data-goto=\"previous\" aria-label=\"Previous slide\" data-action=\"prev\">\n\t\t\t\t\t\t<em class=\"sow-sld-icon-thin-left\"><\/em>\n\t\t\t\t\t<\/a>\n\t\t\t\t<\/div>\n\t\t\t\t<\/div><\/div><\/div><\/div><\/div><div id=\"pg-140-2\"  class=\"panel-grid panel-has-style\" ><div class=\"panel-row-style panel-row-style-for-140-2\" ><div id=\"pgc-140-2-0\"  class=\"panel-grid-cell panel-grid-cell-empty\" ><\/div><\/div><\/div><div id=\"pg-140-3\"  class=\"panel-grid panel-no-style\" ><div id=\"pgc-140-3-0\"  class=\"panel-grid-cell\" ><div id=\"panel-140-3-0-0\" class=\"so-panel widget widget_sow-image panel-first-child panel-last-child\" data-index=\"2\" ><div class=\"panel-widget-style panel-widget-style-for-140-3-0-0\" ><div\n\t\t\t\n\t\t\tclass=\"so-widget-sow-image so-widget-sow-image-default-8b5b6f678277-140\"\n\t\t\t\n\t\t>\n<div class=\"sow-image-container\">\n\t\t<img \n\tsrc=\"https:\/\/brueckenbauer.kulturundwir.de\/wp-content\/uploads\/2025\/07\/Kunstwerk-Leinwand@C215-k.jpg\" width=\"1000\" height=\"750\" srcset=\"https:\/\/brueckenbauer.kulturundwir.de\/wp-content\/uploads\/2025\/07\/Kunstwerk-Leinwand@C215-k.jpg 1000w, https:\/\/brueckenbauer.kulturundwir.de\/wp-content\/uploads\/2025\/07\/Kunstwerk-Leinwand@C215-k-300x225.jpg 300w, https:\/\/brueckenbauer.kulturundwir.de\/wp-content\/uploads\/2025\/07\/Kunstwerk-Leinwand@C215-k-768x576.jpg 768w\" sizes=\"(max-width: 1000px) 100vw, 1000px\" title=\"Kunstwerk Leinwand@C215-k\" alt=\"\" \t\tclass=\"so-widget-image\"\/>\n\t<\/div>\n\n<\/div><\/div><\/div><\/div><div id=\"pgc-140-3-1\"  class=\"panel-grid-cell\" ><div id=\"panel-140-3-1-0\" class=\"so-panel widget widget_sow-editor panel-first-child panel-last-child\" data-index=\"3\" ><div class=\"panel-widget-style panel-widget-style-for-140-3-1-0\" ><div\n\t\t\t\n\t\t\tclass=\"so-widget-sow-editor so-widget-sow-editor-base\"\n\t\t\t\n\t\t>\n<div class=\"siteorigin-widget-tinymce textwidget\">\n\t<h4>Erg\u00e4nzend zu seinem Einsatz im \u00f6ffentlichen Raum zeigte die Ausstellung in der Stadtgalerie Dillingen Arbeiten aus C215s Pariser Atelier. Die Pr\u00e4sentation er\u00f6ffnete somit einen spannungsreichen Blick auf sein aktuelles Schaffen zwischen regionalem Bezug und internationaler Bildsprache.<\/h4>\n<\/div>\n<\/div><\/div><\/div><\/div><\/div><div id=\"pg-140-4\"  class=\"panel-grid panel-has-style\" ><div class=\"panel-row-style panel-row-style-for-140-4\" ><div id=\"pgc-140-4-0\"  class=\"panel-grid-cell panel-grid-cell-empty\" ><\/div><\/div><\/div><div id=\"pg-140-5\"  class=\"panel-grid panel-no-style\" ><div id=\"pgc-140-5-0\"  class=\"panel-grid-cell\" ><div id=\"panel-140-5-0-0\" class=\"so-panel widget widget_sow-image panel-first-child panel-last-child\" data-index=\"4\" ><div class=\"panel-widget-style panel-widget-style-for-140-5-0-0\" ><div\n\t\t\t\n\t\t\tclass=\"so-widget-sow-image so-widget-sow-image-default-8b5b6f678277-140\"\n\t\t\t\n\t\t>\n<div class=\"sow-image-container\">\n\t\t<img \n\tsrc=\"https:\/\/brueckenbauer.kulturundwir.de\/wp-content\/uploads\/2025\/07\/Kunstwerk-Stromkasten@C215-k.jpg\" width=\"1000\" height=\"1333\" srcset=\"https:\/\/brueckenbauer.kulturundwir.de\/wp-content\/uploads\/2025\/07\/Kunstwerk-Stromkasten@C215-k.jpg 1000w, https:\/\/brueckenbauer.kulturundwir.de\/wp-content\/uploads\/2025\/07\/Kunstwerk-Stromkasten@C215-k-225x300.jpg 225w, https:\/\/brueckenbauer.kulturundwir.de\/wp-content\/uploads\/2025\/07\/Kunstwerk-Stromkasten@C215-k-768x1024.jpg 768w\" sizes=\"(max-width: 1000px) 100vw, 1000px\" title=\"Kunstwerk Stromkasten@C215-k\" alt=\"\" \t\tclass=\"so-widget-image\"\/>\n\t<\/div>\n\n<\/div><\/div><\/div><\/div><div id=\"pgc-140-5-1\"  class=\"panel-grid-cell\" ><div id=\"panel-140-5-1-0\" class=\"so-panel widget widget_sow-editor panel-first-child\" data-index=\"5\" ><div class=\"panel-widget-style panel-widget-style-for-140-5-1-0\" ><div\n\t\t\t\n\t\t\tclass=\"so-widget-sow-editor so-widget-sow-editor-base\"\n\t\t\t\n\t\t>\n<div class=\"siteorigin-widget-tinymce textwidget\">\n\t<h4>Der franz\u00f6sische Streetart-K\u00fcnstler C215 (Christian Gu\u00e9my) pr\u00e4sentierte einen Ausschnitt seines k\u00fcnstlerischen Schaffens. Er praktiziert seine Kunst in St\u00e4dten auf der ganzen Welt und wurde bereits mit vielen Preisen ausgezeichnet. Mit seiner ausgefeilten Schablonenkunst gestaltete C215 im Projekt \u201eBr\u00fcckenbauer\u201c in f\u00fcnf nodschw\u00e4bischen Orten Werke zu historischen Pers\u00f6nlichkeiten aus unserer Region. Die Ausstellung mit seinen k\u00fcnstlerisch gestalteten Objekten und Bildern \u00f6ffnete Horizonte und bot reiche Beispiele f\u00fcr eine, sp\u00e4testens seit Banksy, weltweit beachtete Kunstform.<\/h4>\n<h4>Mehr zu C215 <a href=\"https:\/\/brueckenbauer.kulturundwir.de\/index.php\/c215\/\">hier...<\/a><\/h4>\n<\/div>\n<\/div><\/div><\/div><div id=\"panel-140-5-1-1\" class=\"so-panel widget widget_sow-image panel-last-child\" data-index=\"6\" ><div\n\t\t\t\n\t\t\tclass=\"so-widget-sow-image so-widget-sow-image-default-8b5b6f678277-140\"\n\t\t\t\n\t\t>\n<div class=\"sow-image-container\">\n\t\t<img \n\tsrc=\"https:\/\/brueckenbauer.kulturundwir.de\/wp-content\/uploads\/2025\/08\/Spruehdose-212x300.png\" width=\"212\" height=\"300\" srcset=\"https:\/\/brueckenbauer.kulturundwir.de\/wp-content\/uploads\/2025\/08\/Spruehdose-212x300.png 212w, https:\/\/brueckenbauer.kulturundwir.de\/wp-content\/uploads\/2025\/08\/Spruehdose-724x1024.png 724w, https:\/\/brueckenbauer.kulturundwir.de\/wp-content\/uploads\/2025\/08\/Spruehdose-768x1086.png 768w, https:\/\/brueckenbauer.kulturundwir.de\/wp-content\/uploads\/2025\/08\/Spruehdose-1087x1536.png 1087w, https:\/\/brueckenbauer.kulturundwir.de\/wp-content\/uploads\/2025\/08\/Spruehdose-1449x2048.png 1449w, https:\/\/brueckenbauer.kulturundwir.de\/wp-content\/uploads\/2025\/08\/Spruehdose-scaled.png 1811w\" sizes=\"(max-width: 212px) 100vw, 212px\" title=\"Dose\" alt=\"\" \t\tclass=\"so-widget-image\"\/>\n\t<\/div>\n\n<\/div><\/div><\/div><\/div><div id=\"pg-140-6\"  class=\"panel-grid panel-no-style\" ><div id=\"pgc-140-6-0\"  class=\"panel-grid-cell panel-grid-cell-empty\" ><\/div><\/div><div id=\"pg-140-7\"  class=\"panel-grid panel-has-style\" ><div class=\"panel-row-style panel-row-style-for-140-7\" ><div id=\"pgc-140-7-0\"  class=\"panel-grid-cell panel-grid-cell-empty\" ><\/div><\/div><\/div><div id=\"pg-140-8\"  class=\"panel-grid panel-no-style\" ><div id=\"pgc-140-8-0\"  class=\"panel-grid-cell\" ><div id=\"panel-140-8-0-0\" class=\"so-panel widget widget_sow-image panel-first-child panel-last-child\" data-index=\"7\" ><div\n\t\t\t\n\t\t\tclass=\"so-widget-sow-image so-widget-sow-image-default-8b5b6f678277-140\"\n\t\t\t\n\t\t>\n<div class=\"sow-image-container\">\n\t\t<img \n\tsrc=\"https:\/\/brueckenbauer.kulturundwir.de\/wp-content\/uploads\/2025\/08\/PLAKAT-AUSSTELLUNG-k.jpg\" width=\"1000\" height=\"1401\" srcset=\"https:\/\/brueckenbauer.kulturundwir.de\/wp-content\/uploads\/2025\/08\/PLAKAT-AUSSTELLUNG-k.jpg 1000w, https:\/\/brueckenbauer.kulturundwir.de\/wp-content\/uploads\/2025\/08\/PLAKAT-AUSSTELLUNG-k-214x300.jpg 214w, https:\/\/brueckenbauer.kulturundwir.de\/wp-content\/uploads\/2025\/08\/PLAKAT-AUSSTELLUNG-k-731x1024.jpg 731w, https:\/\/brueckenbauer.kulturundwir.de\/wp-content\/uploads\/2025\/08\/PLAKAT-AUSSTELLUNG-k-768x1076.jpg 768w\" sizes=\"(max-width: 1000px) 100vw, 1000px\" title=\"PLAKAT AUSSTELLUNG-k\" alt=\"\" \t\tclass=\"so-widget-image\"\/>\n\t<\/div>\n\n<\/div><\/div><\/div><div id=\"pgc-140-8-1\"  class=\"panel-grid-cell\" ><div id=\"panel-140-8-1-0\" class=\"so-panel widget widget_sow-image panel-first-child panel-last-child\" data-index=\"8\" ><div\n\t\t\t\n\t\t\tclass=\"so-widget-sow-image so-widget-sow-image-default-8b5b6f678277-140\"\n\t\t\t\n\t\t>\n<div class=\"sow-image-container\">\n\t\t<img \n\tsrc=\"https:\/\/brueckenbauer.kulturundwir.de\/wp-content\/uploads\/2025\/08\/1.-FLYER-Vorderseite-k.jpg\" width=\"1000\" height=\"1374\" srcset=\"https:\/\/brueckenbauer.kulturundwir.de\/wp-content\/uploads\/2025\/08\/1.-FLYER-Vorderseite-k.jpg 1000w, https:\/\/brueckenbauer.kulturundwir.de\/wp-content\/uploads\/2025\/08\/1.-FLYER-Vorderseite-k-218x300.jpg 218w, https:\/\/brueckenbauer.kulturundwir.de\/wp-content\/uploads\/2025\/08\/1.-FLYER-Vorderseite-k-745x1024.jpg 745w, https:\/\/brueckenbauer.kulturundwir.de\/wp-content\/uploads\/2025\/08\/1.-FLYER-Vorderseite-k-768x1055.jpg 768w\" sizes=\"(max-width: 1000px) 100vw, 1000px\" title=\"1. FLYER Vorderseite-k\" alt=\"\" \t\tclass=\"so-widget-image\"\/>\n\t<\/div>\n\n<\/div><\/div><\/div><div id=\"pgc-140-8-2\"  class=\"panel-grid-cell\" ><div id=\"panel-140-8-2-0\" class=\"so-panel widget widget_sow-image panel-first-child panel-last-child\" data-index=\"9\" ><div\n\t\t\t\n\t\t\tclass=\"so-widget-sow-image so-widget-sow-image-default-8b5b6f678277-140\"\n\t\t\t\n\t\t>\n<div class=\"sow-image-container\">\n\t\t<img \n\tsrc=\"https:\/\/brueckenbauer.kulturundwir.de\/wp-content\/uploads\/2025\/08\/1.-FlYER-Rueckseite-k.jpg\" width=\"1000\" height=\"1375\" srcset=\"https:\/\/brueckenbauer.kulturundwir.de\/wp-content\/uploads\/2025\/08\/1.-FlYER-Rueckseite-k.jpg 1000w, https:\/\/brueckenbauer.kulturundwir.de\/wp-content\/uploads\/2025\/08\/1.-FlYER-Rueckseite-k-218x300.jpg 218w, https:\/\/brueckenbauer.kulturundwir.de\/wp-content\/uploads\/2025\/08\/1.-FlYER-Rueckseite-k-745x1024.jpg 745w, https:\/\/brueckenbauer.kulturundwir.de\/wp-content\/uploads\/2025\/08\/1.-FlYER-Rueckseite-k-768x1056.jpg 768w\" sizes=\"(max-width: 1000px) 100vw, 1000px\" title=\"1. FlYER R\u00fcckseite-k\" alt=\"\" \t\tclass=\"so-widget-image\"\/>\n\t<\/div>\n\n<\/div><\/div><\/div><\/div><div id=\"pg-140-9\"  class=\"panel-grid panel-has-style\" ><div class=\"panel-row-style panel-row-style-for-140-9\" ><div id=\"pgc-140-9-0\"  class=\"panel-grid-cell panel-grid-cell-empty\" ><\/div><\/div><\/div><\/div>","protected":false},"excerpt":{"rendered":"<p>Ausstellungszeitraum: 05.10. bis 02.11.2025 Samstag\/Sonntag von 14 bis 17 Uhr Stadtgalerie 89407 Dillingen, Sch\u00fctzenstr. 1e Eintritt: frei<\/p>\n","protected":false},"author":1,"featured_media":0,"parent":0,"menu_order":0,"comment_status":"closed","ping_status":"closed","template":"","meta":{"footnotes":""},"class_list":["post-140","page","type-page","status-publish","hentry","post"],"_links":{"self":[{"href":"https:\/\/brueckenbauer.kulturundwir.de\/index.php\/wp-json\/wp\/v2\/pages\/140","targetHints":{"allow":["GET"]}}],"collection":[{"href":"https:\/\/brueckenbauer.kulturundwir.de\/index.php\/wp-json\/wp\/v2\/pages"}],"about":[{"href":"https:\/\/brueckenbauer.kulturundwir.de\/index.php\/wp-json\/wp\/v2\/types\/page"}],"author":[{"embeddable":true,"href":"https:\/\/brueckenbauer.kulturundwir.de\/index.php\/wp-json\/wp\/v2\/users\/1"}],"replies":[{"embeddable":true,"href":"https:\/\/brueckenbauer.kulturundwir.de\/index.php\/wp-json\/wp\/v2\/comments?post=140"}],"version-history":[{"count":48,"href":"https:\/\/brueckenbauer.kulturundwir.de\/index.php\/wp-json\/wp\/v2\/pages\/140\/revisions"}],"predecessor-version":[{"id":946,"href":"https:\/\/brueckenbauer.kulturundwir.de\/index.php\/wp-json\/wp\/v2\/pages\/140\/revisions\/946"}],"wp:attachment":[{"href":"https:\/\/brueckenbauer.kulturundwir.de\/index.php\/wp-json\/wp\/v2\/media?parent=140"}],"curies":[{"name":"wp","href":"https:\/\/api.w.org\/{rel}","templated":true}]}}