{"id":79,"date":"2025-07-12T14:02:15","date_gmt":"2025-07-12T14:02:15","guid":{"rendered":"https:\/\/brueckenbauer.kulturundwir.de\/?page_id=79"},"modified":"2026-01-15T08:46:42","modified_gmt":"2026-01-15T08:46:42","slug":"hermann-beckler","status":"publish","type":"page","link":"https:\/\/brueckenbauer.kulturundwir.de\/index.php\/hermann-beckler\/","title":{"rendered":"Hermann Beckler"},"content":{"rendered":"<div id=\"pl-79\"  class=\"panel-layout\" ><div id=\"pg-79-0\"  class=\"panel-grid panel-no-style\" ><div id=\"pgc-79-0-0\"  class=\"panel-grid-cell\" ><div id=\"panel-79-0-0-0\" class=\"so-panel widget widget_sow-editor panel-first-child panel-last-child\" data-index=\"0\" ><div\n\t\t\t\n\t\t\tclass=\"so-widget-sow-editor so-widget-sow-editor-base\"\n\t\t\t\n\t\t><h3 class=\"widget-title\">HERMANN BECKLER<\/h3>\n<div class=\"siteorigin-widget-tinymce textwidget\">\n\t<p><strong>*1828 \u20201914<\/strong><\/p>\n<p>Arzt, Botaniker und Naturforscher aus <strong>H\u00f6chst\u00e4dt<\/strong><\/p>\n<\/div>\n<\/div><\/div><\/div><\/div><div id=\"pg-79-1\"  class=\"panel-grid panel-has-style\" ><div class=\"panel-row-style panel-row-style-for-79-1\" ><div id=\"pgc-79-1-0\"  class=\"panel-grid-cell panel-grid-cell-empty\" ><\/div><\/div><\/div><div id=\"pg-79-2\"  class=\"panel-grid panel-no-style\" ><div id=\"pgc-79-2-0\"  class=\"panel-grid-cell\" ><div id=\"panel-79-2-0-0\" class=\"so-panel widget widget_sow-image panel-first-child panel-last-child\" data-index=\"1\" ><div\n\t\t\t\n\t\t\tclass=\"so-widget-sow-image so-widget-sow-image-default-8b5b6f678277-79\"\n\t\t\t\n\t\t>\n<div class=\"sow-image-container\">\n\t\t<img \n\tsrc=\"https:\/\/brueckenbauer.kulturundwir.de\/wp-content\/uploads\/2025\/07\/Hermann-Beckler-1.png\" width=\"621\" height=\"882\" srcset=\"https:\/\/brueckenbauer.kulturundwir.de\/wp-content\/uploads\/2025\/07\/Hermann-Beckler-1.png 621w, https:\/\/brueckenbauer.kulturundwir.de\/wp-content\/uploads\/2025\/07\/Hermann-Beckler-1-211x300.png 211w\" sizes=\"(max-width: 621px) 100vw, 621px\" title=\"Hermann Beckler\" alt=\"\" \t\tclass=\"so-widget-image\"\/>\n\t<\/div>\n\n<\/div><\/div><\/div><div id=\"pgc-79-2-1\"  class=\"panel-grid-cell\" ><div id=\"panel-79-2-1-0\" class=\"so-panel widget widget_sow-image panel-first-child\" data-index=\"2\" ><div\n\t\t\t\n\t\t\tclass=\"so-widget-sow-image so-widget-sow-image-default-8b5b6f678277-79\"\n\t\t\t\n\t\t>\n<div class=\"sow-image-container\">\n\t\t<img \n\tsrc=\"https:\/\/brueckenbauer.kulturundwir.de\/wp-content\/uploads\/2025\/10\/beckler-c215.jpg\" width=\"1000\" height=\"750\" srcset=\"https:\/\/brueckenbauer.kulturundwir.de\/wp-content\/uploads\/2025\/10\/beckler-c215.jpg 1000w, https:\/\/brueckenbauer.kulturundwir.de\/wp-content\/uploads\/2025\/10\/beckler-c215-300x225.jpg 300w, https:\/\/brueckenbauer.kulturundwir.de\/wp-content\/uploads\/2025\/10\/beckler-c215-768x576.jpg 768w\" sizes=\"(max-width: 1000px) 100vw, 1000px\" alt=\"\" \t\tclass=\"so-widget-image\"\/>\n\t<\/div>\n\n<\/div><\/div><div id=\"panel-79-2-1-1\" class=\"so-panel widget widget_sow-editor panel-last-child\" data-index=\"3\" ><div\n\t\t\t\n\t\t\tclass=\"so-widget-sow-editor so-widget-sow-editor-base\"\n\t\t\t\n\t\t><h3 class=\"widget-title\">Hermann Beckler<\/h3>\n<div class=\"siteorigin-widget-tinymce textwidget\">\n\t<p>Bildnis von Hermann Beckler vom franz\u00f6sischen Streetart-K\u00fcnstler\u00a0<a href=\"https:\/\/brueckenbauer.kulturundwir.de\/index.php\/c215\/\">Christian Gu\u00e9my alias C215<\/a> in Streetart-Schablonentechnik am 30. September 2025 in H\u00f6chst\u00e4dt, Pfalz-Neuburg-Str. 23 (gegen\u00fcber Eingang Sportplatz) gefertigt.<\/p>\n<\/div>\n<\/div><\/div><\/div><\/div><div id=\"pg-79-3\"  class=\"panel-grid panel-has-style\" ><div class=\"panel-row-style panel-row-style-for-79-3\" ><div id=\"pgc-79-3-0\"  class=\"panel-grid-cell panel-grid-cell-empty\" ><\/div><\/div><\/div><div id=\"pg-79-4\"  class=\"panel-grid panel-no-style\" ><div id=\"pgc-79-4-0\"  class=\"panel-grid-cell\" ><div id=\"panel-79-4-0-0\" class=\"so-panel widget widget_sow-image panel-first-child panel-last-child\" data-index=\"4\" ><div\n\t\t\t\n\t\t\tclass=\"so-widget-sow-image so-widget-sow-image-default-8b5b6f678277-79\"\n\t\t\t\n\t\t>\n<div class=\"sow-image-container\">\n\t\t<img \n\tsrc=\"https:\/\/brueckenbauer.kulturundwir.de\/wp-content\/uploads\/2025\/12\/DSCF5003-001.jpg\" width=\"602\" height=\"402\" srcset=\"https:\/\/brueckenbauer.kulturundwir.de\/wp-content\/uploads\/2025\/12\/DSCF5003-001.jpg 602w, https:\/\/brueckenbauer.kulturundwir.de\/wp-content\/uploads\/2025\/12\/DSCF5003-001-300x200.jpg 300w, https:\/\/brueckenbauer.kulturundwir.de\/wp-content\/uploads\/2025\/12\/DSCF5003-001-272x182.jpg 272w\" sizes=\"(max-width: 602px) 100vw, 602px\" title=\"FAKS Beckler\" alt=\"\" \t\tclass=\"so-widget-image\"\/>\n\t<\/div>\n\n<\/div><\/div><\/div><div id=\"pgc-79-4-1\"  class=\"panel-grid-cell\" ><div id=\"panel-79-4-1-0\" class=\"so-panel widget widget_sow-image panel-first-child panel-last-child\" data-index=\"5\" ><div\n\t\t\t\n\t\t\tclass=\"so-widget-sow-image so-widget-sow-image-default-8b5b6f678277-79\"\n\t\t\t\n\t\t>\n<div class=\"sow-image-container\">\n\t\t<img \n\tsrc=\"https:\/\/brueckenbauer.kulturundwir.de\/wp-content\/uploads\/2025\/12\/DSCF5082-001.jpg\" width=\"403\" height=\"603\" srcset=\"https:\/\/brueckenbauer.kulturundwir.de\/wp-content\/uploads\/2025\/12\/DSCF5082-001.jpg 403w, https:\/\/brueckenbauer.kulturundwir.de\/wp-content\/uploads\/2025\/12\/DSCF5082-001-200x300.jpg 200w\" sizes=\"(max-width: 403px) 100vw, 403px\" title=\"FAKS Beckler\" alt=\"\" \t\tclass=\"so-widget-image\"\/>\n\t<\/div>\n\n<\/div><\/div><\/div><div id=\"pgc-79-4-2\"  class=\"panel-grid-cell\" ><div id=\"panel-79-4-2-0\" class=\"so-panel widget widget_sow-image panel-first-child panel-last-child\" data-index=\"6\" ><div\n\t\t\t\n\t\t\tclass=\"so-widget-sow-image so-widget-sow-image-default-8b5b6f678277-79\"\n\t\t\t\n\t\t>\n<div class=\"sow-image-container\">\n\t\t<img \n\tsrc=\"https:\/\/brueckenbauer.kulturundwir.de\/wp-content\/uploads\/2025\/12\/DSCF5015-001.jpg\" width=\"602\" height=\"402\" srcset=\"https:\/\/brueckenbauer.kulturundwir.de\/wp-content\/uploads\/2025\/12\/DSCF5015-001.jpg 602w, https:\/\/brueckenbauer.kulturundwir.de\/wp-content\/uploads\/2025\/12\/DSCF5015-001-300x200.jpg 300w, https:\/\/brueckenbauer.kulturundwir.de\/wp-content\/uploads\/2025\/12\/DSCF5015-001-272x182.jpg 272w\" sizes=\"(max-width: 602px) 100vw, 602px\" title=\"FAKS Beckler\" alt=\"\" \t\tclass=\"so-widget-image\"\/>\n\t<\/div>\n\n<\/div><\/div><\/div><\/div><div id=\"pg-79-5\"  class=\"panel-grid panel-no-style\" ><div id=\"pgc-79-5-0\"  class=\"panel-grid-cell\" ><div id=\"panel-79-5-0-0\" class=\"so-panel widget widget_sow-editor panel-first-child panel-last-child\" data-index=\"7\" ><div\n\t\t\t\n\t\t\tclass=\"so-widget-sow-editor so-widget-sow-editor-base\"\n\t\t\t\n\t\t>\n<div class=\"siteorigin-widget-tinymce textwidget\">\n\t<p>Diese Streetart-Werke wurden von Sch\u00fclerinnen und Sch\u00fclern der <strong>St. Bonaventura Fachakademie Dillingen<\/strong> gestaltet.<\/p>\n<p>Mehr zur Schule und den Standorten <a href=\"https:\/\/brueckenbauer.kulturundwir.de\/index.php\/st-bonaventura-fachakademie-dillingen\/\">hier...<\/a><\/p>\n<\/div>\n<\/div><\/div><\/div><\/div><div id=\"pg-79-6\"  class=\"panel-grid panel-has-style\" ><div class=\"panel-row-style panel-row-style-for-79-6\" ><div id=\"pgc-79-6-0\"  class=\"panel-grid-cell panel-grid-cell-empty\" ><\/div><\/div><\/div><div id=\"pg-79-7\"  class=\"panel-grid panel-no-style\" ><div id=\"pgc-79-7-0\"  class=\"panel-grid-cell\" ><div id=\"panel-79-7-0-0\" class=\"so-panel widget widget_sow-editor panel-first-child panel-last-child\" data-index=\"8\" ><div\n\t\t\t\n\t\t\tclass=\"so-widget-sow-editor so-widget-sow-editor-base\"\n\t\t\t\n\t\t><h3 class=\"widget-title\">DR. HERMANN BECKLER<\/h3>\n<div class=\"siteorigin-widget-tinymce textwidget\">\n\t<p>*1828 - \u20201914<br \/>\nTeilnehmer als Arzt an der ber\u00fchmten Expediton von Burke und Wills 1860\/61, der ersten Durchquerung des Australischen Kontinents von S\u00fcd nach Nord die unter dramatischen Umst\u00e4nden gelang. Seine Beschreibungen der Aborigines sind f\u00fcr die damalige Zeit ungew\u00f6hnlich; Beckler war einer der ersten, der ihre Musik aufzeichnete und zu verstehen versuchte. Seine Briefe und Expeditionsberichte, die durch Skizzen und Landschaftszeichnungen erg\u00e4nz werden, sind eine historische Quelle ersten Ranges.<\/p>\n<p>Mehr zu Hermann Beckler auf Wikipedia <a href=\"https:\/\/de.wikipedia.org\/wiki\/Hermann_Beckler\" target=\"_blank\" rel=\"noopener\">hier...<\/a><\/p>\n<\/div>\n<\/div><\/div><\/div><\/div><\/div>","protected":false},"excerpt":{"rendered":"<p>*1828 \u20201914 Arzt, Botaniker und Naturforscher aus H\u00f6chst\u00e4dt<\/p>\n","protected":false},"author":1,"featured_media":0,"parent":0,"menu_order":0,"comment_status":"closed","ping_status":"closed","template":"","meta":{"footnotes":""},"class_list":["post-79","page","type-page","status-publish","hentry","post"],"_links":{"self":[{"href":"https:\/\/brueckenbauer.kulturundwir.de\/index.php\/wp-json\/wp\/v2\/pages\/79","targetHints":{"allow":["GET"]}}],"collection":[{"href":"https:\/\/brueckenbauer.kulturundwir.de\/index.php\/wp-json\/wp\/v2\/pages"}],"about":[{"href":"https:\/\/brueckenbauer.kulturundwir.de\/index.php\/wp-json\/wp\/v2\/types\/page"}],"author":[{"embeddable":true,"href":"https:\/\/brueckenbauer.kulturundwir.de\/index.php\/wp-json\/wp\/v2\/users\/1"}],"replies":[{"embeddable":true,"href":"https:\/\/brueckenbauer.kulturundwir.de\/index.php\/wp-json\/wp\/v2\/comments?post=79"}],"version-history":[{"count":17,"href":"https:\/\/brueckenbauer.kulturundwir.de\/index.php\/wp-json\/wp\/v2\/pages\/79\/revisions"}],"predecessor-version":[{"id":924,"href":"https:\/\/brueckenbauer.kulturundwir.de\/index.php\/wp-json\/wp\/v2\/pages\/79\/revisions\/924"}],"wp:attachment":[{"href":"https:\/\/brueckenbauer.kulturundwir.de\/index.php\/wp-json\/wp\/v2\/media?parent=79"}],"curies":[{"name":"wp","href":"https:\/\/api.w.org\/{rel}","templated":true}]}}