{"id":939,"date":"2026-01-20T14:05:23","date_gmt":"2026-01-20T14:05:23","guid":{"rendered":"https:\/\/brueckenbauer.kulturundwir.de\/?page_id=939"},"modified":"2026-01-20T14:05:23","modified_gmt":"2026-01-20T14:05:23","slug":"ausstellungen","status":"publish","type":"page","link":"https:\/\/brueckenbauer.kulturundwir.de\/index.php\/ausstellungen\/","title":{"rendered":"Ausstellungen"},"content":{"rendered":"<div id=\"pl-939\"  class=\"panel-layout\" ><div id=\"pg-939-0\"  class=\"panel-grid panel-no-style\" ><div id=\"pgc-939-0-0\"  class=\"panel-grid-cell\" ><div id=\"panel-939-0-0-0\" class=\"so-panel widget widget_sow-editor panel-first-child panel-last-child\" data-index=\"0\" ><div\n\t\t\t\n\t\t\tclass=\"so-widget-sow-editor so-widget-sow-editor-base\"\n\t\t\t\n\t\t><h3 class=\"widget-title\">Ausstellungen<\/h3>\n<div class=\"siteorigin-widget-tinymce textwidget\">\n\t<p>Zum Projekt Br\u00fcckenbauer in Nordschwaben finden\/fanden drei Ausstellungen statt<\/p>\n<p><a href=\"https:\/\/brueckenbauer.kulturundwir.de\/index.php\/wanderausstellung\/\">26.02. bis 10.03.2026 Sparkasse Dillingen - Ausstellung aller im Projekt entstandener Arbeiten<\/a><\/p>\n<p>ab Mitte M\u00e4rz 2026 - Ausstellung aller im Projekt entstandener Arbeiten im Institut francaise, M\u00fcnchen<\/p>\n<p><a href=\"https:\/\/brueckenbauer.kulturundwir.de\/index.php\/ausstellung\/\">05.10. bis 02.11.2025 Stadtgalerie Dillingen - Werke von Christian Gu\u00e9my<\/a><\/p>\n<\/div>\n<\/div><\/div><\/div><\/div><\/div>","protected":false},"excerpt":{"rendered":"<p>Zum Projekt Br\u00fcckenbauer in Nordschwaben finden\/fanden drei Ausstellungen statt 26.02. bis 10.03.2026 Sparkasse Dillingen &#8211; Ausstellung aller im Projekt entstandener Arbeiten ab Mitte M\u00e4rz 2026 &#8211; Ausstellung aller im Projekt entstandener Arbeiten im Institut francaise, M\u00fcnchen 05.10. bis 02.11.2025 Stadtgalerie Dillingen &#8211; Werke von Christian Gu\u00e9my<\/p>\n","protected":false},"author":1,"featured_media":0,"parent":0,"menu_order":0,"comment_status":"closed","ping_status":"closed","template":"","meta":{"footnotes":""},"class_list":["post-939","page","type-page","status-publish","hentry","post"],"_links":{"self":[{"href":"https:\/\/brueckenbauer.kulturundwir.de\/index.php\/wp-json\/wp\/v2\/pages\/939","targetHints":{"allow":["GET"]}}],"collection":[{"href":"https:\/\/brueckenbauer.kulturundwir.de\/index.php\/wp-json\/wp\/v2\/pages"}],"about":[{"href":"https:\/\/brueckenbauer.kulturundwir.de\/index.php\/wp-json\/wp\/v2\/types\/page"}],"author":[{"embeddable":true,"href":"https:\/\/brueckenbauer.kulturundwir.de\/index.php\/wp-json\/wp\/v2\/users\/1"}],"replies":[{"embeddable":true,"href":"https:\/\/brueckenbauer.kulturundwir.de\/index.php\/wp-json\/wp\/v2\/comments?post=939"}],"version-history":[{"count":1,"href":"https:\/\/brueckenbauer.kulturundwir.de\/index.php\/wp-json\/wp\/v2\/pages\/939\/revisions"}],"predecessor-version":[{"id":940,"href":"https:\/\/brueckenbauer.kulturundwir.de\/index.php\/wp-json\/wp\/v2\/pages\/939\/revisions\/940"}],"wp:attachment":[{"href":"https:\/\/brueckenbauer.kulturundwir.de\/index.php\/wp-json\/wp\/v2\/media?parent=939"}],"curies":[{"name":"wp","href":"https:\/\/api.w.org\/{rel}","templated":true}]}}